{"id":340,"date":"2021-07-06T09:00:52","date_gmt":"2021-07-06T09:00:52","guid":{"rendered":"https:\/\/besiriusclub.com\/?page_id=340"},"modified":"2022-12-28T10:31:04","modified_gmt":"2022-12-28T09:31:04","slug":"federacion-de-triatlon","status":"publish","type":"page","link":"https:\/\/besiriusclub.com\/index.php\/federacion-de-triatlon\/","title":{"rendered":"FED\u00c9RATE CON NOSOTROS"},"content":{"rendered":"\n<figure class=\"wp-block-image size-large\"><img loading=\"lazy\" width=\"1200\" height=\"497\" src=\"https:\/\/besiriusclub.com\/wp-content\/uploads\/2021\/07\/TRIATLON.jpg\" alt=\"\" class=\"wp-image-417\"\/><\/figure>\n\n\n\n<p>Por ser socio del BE SIRIUS CLUB podr\u00e1s federarte en la federaci\u00f3n de triatl\u00f3n por un importe inferior al que si te federaras de manera independiente.<br>El precio son 79 \u20ac a\u00f1o natural (enero a diciembre).<br>Gozando de todas las coberturas cuyas condiciones podr\u00e1s ver en el PDF accediendo al siguiente link: <\/p>\n\n\n\n<p class=\"has-text-align-center\"><strong><a href=\"https:\/\/www.triatlonmadrid.org\/docs\/1670578423.pdf\">https:\/\/www.triatlonmadrid.org\/docs\/1670578423.pdf<\/a><\/strong><\/p>\n","protected":false},"excerpt":{"rendered":"<p>Por ser socio del BE SIRIUS CLUB podr\u00e1s federarte en la federaci\u00f3n de triatl\u00f3n por un importe inferior al que si te federaras de manera independiente.El precio son 79 \u20ac&hellip;&nbsp;<a href=\"https:\/\/besiriusclub.com\/index.php\/federacion-de-triatlon\/\" class=\"\" rel=\"bookmark\">Leer m\u00e1s &raquo;<span class=\"screen-reader-text\">FED\u00c9RATE CON NOSOTROS<\/span><\/a><\/p>\n","protected":false},"author":1,"featured_media":0,"parent":0,"menu_order":0,"comment_status":"closed","ping_status":"closed","template":"","meta":{"neve_meta_sidebar":"full-width","neve_meta_container":"","neve_meta_enable_content_width":"on","neve_meta_content_width":100,"neve_meta_title_alignment":"","neve_meta_author_avatar":"","neve_post_elements_order":"","neve_meta_disable_header":"","neve_meta_disable_footer":"","neve_meta_disable_title":"","_EventAllDay":false,"_EventTimezone":"","_EventStartDate":"","_EventEndDate":"","_EventStartDateUTC":"","_EventEndDateUTC":"","_EventShowMap":false,"_EventShowMapLink":false,"_EventURL":"","_EventCost":"","_EventCostDescription":"","_EventCurrencySymbol":"","_EventCurrencyPosition":"","_EventDateTimeSeparator":"","_EventTimeRangeSeparator":"","_EventOrganizerID":[],"_EventVenueID":0,"_OrganizerEmail":"","_OrganizerPhone":"","_OrganizerWebsite":"","_VenueAddress":"","_VenueCity":"","_VenueCountry":"","_VenueProvince":"","_VenueZip":"","_VenuePhone":"","_VenueURL":"","_VenueStateProvince":"","_VenueLat":"","_VenueLng":""},"_links":{"self":[{"href":"https:\/\/besiriusclub.com\/index.php\/wp-json\/wp\/v2\/pages\/340"}],"collection":[{"href":"https:\/\/besiriusclub.com\/index.php\/wp-json\/wp\/v2\/pages"}],"about":[{"href":"https:\/\/besiriusclub.com\/index.php\/wp-json\/wp\/v2\/types\/page"}],"author":[{"embeddable":true,"href":"https:\/\/besiriusclub.com\/index.php\/wp-json\/wp\/v2\/users\/1"}],"replies":[{"embeddable":true,"href":"https:\/\/besiriusclub.com\/index.php\/wp-json\/wp\/v2\/comments?post=340"}],"version-history":[{"count":8,"href":"https:\/\/besiriusclub.com\/index.php\/wp-json\/wp\/v2\/pages\/340\/revisions"}],"predecessor-version":[{"id":1221,"href":"https:\/\/besiriusclub.com\/index.php\/wp-json\/wp\/v2\/pages\/340\/revisions\/1221"}],"wp:attachment":[{"href":"https:\/\/besiriusclub.com\/index.php\/wp-json\/wp\/v2\/media?parent=340"}],"curies":[{"name":"wp","href":"https:\/\/api.w.org\/{rel}","templated":true}]}}