{"id":327,"date":"2021-06-30T11:59:13","date_gmt":"2021-06-30T11:59:13","guid":{"rendered":"https:\/\/besiriusclub.com\/?page_id=327"},"modified":"2022-12-28T10:44:24","modified_gmt":"2022-12-28T09:44:24","slug":"socios-de-honor","status":"publish","type":"page","link":"https:\/\/besiriusclub.com\/index.php\/socios-de-honor\/","title":{"rendered":"SOCIOS DE HONOR"},"content":{"rendered":"\n<figure class=\"wp-block-image size-full is-resized\"><img loading=\"lazy\" src=\"https:\/\/besiriusclub.com\/wp-content\/uploads\/2022\/12\/Cabecera-Manuel-Garcia-Rivera.jpg\" alt=\"Manuel Garc\u00eda Rivera\" class=\"wp-image-1209\" width=\"687\" height=\"219\"\/><\/figure>\n\n\n\n<p><strong>Atleta destacado desde las categor\u00edas inferiores del atletismo madrile\u00f1o, empez\u00f3 su andadura en el a\u00f1o 1979.<\/strong><\/p>\n\n\n\n<p><strong>Logros en 2022<\/strong><\/p>\n\n\n\n<ul><li>Campe\u00f3n de Espa\u00f1a trail M 50 Riopar, 4 de junio.&nbsp;<\/li><li>Campe\u00f3n de Madrid y 4 absoluto trail Cercedilla, 18 diciembre.<\/li><\/ul>\n\n\n\n<p><strong>Logros generales<\/strong><\/p>\n\n\n\n<ul><li>Destacando en el cross, donde en la categor\u00eda absoluta represento a Madrid en varias ocasiones<\/li><li>Campe\u00f3n de Espa\u00f1a absoluto por equipos con la Comunidad de Madrid<\/li><li>Prestando Servicio Militar, campe\u00f3n de Espa\u00f1a en el cross corto<\/li><li>Destacando su internacionalidad en el Marathon por relevos Chiba Ekiden en Jap\u00f3n (Campeonato del Mundo)<\/li><li>En la dilatada carrera deportiva son muchos los triunfos en carreras en ruta y campo a trav\u00e9s del Calendario Nacional<\/li><li>En categor\u00eda Master son muchos los p\u00f3diums destacando los obtenidos esta \u00faltima temporada<\/li><li>Campe\u00f3n de Espa\u00f1a Carreras de Monta\u00f1a (2021 Liencres)<\/li><li>Campe\u00f3n de Espa\u00f1a 3000 Obst\u00e1culos (2021 M\u00e1laga)<\/li><li>Campe\u00f3n de Espa\u00f1a 4&#215;400 mixto (2021 M\u00e1laga) Record Espa\u00f1a<\/li><li>Subcampe\u00f3n de Espa\u00f1a de Cross. (2021 Almod\u00f3var del Rio)<\/li><li>Subcampe\u00f3n de Espa\u00f1a 1.500 ml (2021 M\u00e1laga)<\/li><\/ul>\n\n\n\n<p><strong>RECORD PERSONALES:<\/strong><br>800 ml : 1<meta charset=\"utf-8\">&#8216; 52<br>1.500 ml<meta charset=\"utf-8\"> : 3<meta charset=\"utf-8\">&#8216; 46<br>5.000 ml<meta charset=\"utf-8\"> : 14<meta charset=\"utf-8\">&#8216; 09<br>Media Marathon<meta charset=\"utf-8\"> : 1h 05<br>3.000 Obst\u00e1culos<meta charset=\"utf-8\"> : 8<meta charset=\"utf-8\">&#8216; 50<\/p>\n\n\n\n<figure class=\"wp-block-image size-full\"><img loading=\"lazy\" width=\"687\" height=\"219\" src=\"https:\/\/besiriusclub.com\/wp-content\/uploads\/2022\/12\/Cabeceras-Jaime-Calleja-Munoz.jpg\" alt=\"\" class=\"wp-image-1211\"\/><\/figure>\n\n\n\n<p><strong>Logros en 2022<\/strong><\/p>\n\n\n\n<ul><li>6h de Hortaleza (Parque de Valdebebas): 2\u00ba (83 km recorridos)<\/li><li>Los 102 de la Comarca (Provincia de Toledo) (102 km \u2013 818 m d+): 1\u00ba (8h 42&#8242;)<\/li><li>Ruta Vetona (Bejar) (100 km \u2013 2500 m d+): 2\u00ba (detr\u00e1s del gran Miguel Heras)<\/li><li>50 Millas de El Privilegio (Ciudad Real) (87 km + 1150 m d+): 1\u00ba<\/li><li>Marat\u00f3n de Madrid (Liebre): 3h 15&#8242;<\/li><li>Media Marat\u00f3n de Madrid (Liebre): 1h 30&#8242;<\/li><\/ul>\n\n\n\n<p><strong>Logros generales<\/strong><\/p>\n\n\n\n<ul><li>Traves\u00eda GRUSEG Escorial &#8211; Navacerrada (52 km): 1 Oro<\/li><li>EcoTrail Madrid (80 km): 3 Oros + 1 Plata<\/li><li>101km Peregrinos: 2 Oros<\/li><li>101km de Ronda: 1 Oro<\/li><li>100km Madrid-Segovia: 1 Oro + 4 Platas<\/li><li>Marat\u00f3n Monta\u00f1a Solidaria San Lorenzo de El Escorial (40 km): 2 Oros + 1 Bronce<\/li><li>100km en 24h de Corricolari: 2 Oros<\/li><li>Trail Bosques del Sur (92 km): 1 Oro<\/li><li>UltraTrail Bosques del Sur (107 km): 1 Plata<\/li><li>Riaza Trail Challenge (60 km): 1 Oro<\/li><li>Canal de Castilla Ultra Race (80 km): 1 Oro<\/li><li>100km Carballi\u00f1o-Santiago: 1 Oro<\/li><li>Participaci\u00f3n en m\u00e1s de 300 carreras (Ruta, Cross, Monta\u00f1a, Ultrafondo), con 53 victorias, 104 podios y 154 Top10<\/li><li>Liebre Oficial de la Media Marat\u00f3n de Madrid (1h30&#8242;) y Marat\u00f3n de Madrid (3h)<\/li><li>Participaci\u00f3n en Campeonatos de Espa\u00f1a por Equipos de Cross Largo, Medio Marat\u00f3n y Marat\u00f3n<\/li><li>El Privilegio 100 Millas (Trail de ultra distancia en Castilla la Mancha): 3\u00aa posici\u00f3n<\/li><\/ul>\n\n\n\n<p><strong>RECORD PERSONALES:<\/strong><br>Mejor Marca 10km Ruta : 31&#8242; 40<br>Mejor Marca Medio Marat\u00f3n : 1h 10&#8242; 30<br>Mejor Marca Marat\u00f3n : 2h 39&#8242;<\/p>\n\n\n\n<figure class=\"wp-block-image size-full\"><img loading=\"lazy\" width=\"687\" height=\"219\" src=\"https:\/\/besiriusclub.com\/wp-content\/uploads\/2022\/12\/Cabecera-Monica-Salamanques.jpg\" alt=\"\" class=\"wp-image-1210\"\/><\/figure>\n\n\n\n<p><strong>Logros en 2022<\/strong><\/p>\n\n\n\n<ul id=\"block-75615d58-960e-4a4e-91ea-55c2a9af32e1\"><li>Titan Desert Marruecos<\/li><li>Ironman Gand\u00eda<\/li><\/ul>\n\n\n\n<p><strong>TRIATLON:<br>6 ironman, varios medio ironman preparatorios e infinidad de triatlones de corta distancia.<\/strong><\/p>\n\n\n\n<p><strong>MTB:<br>Titan Desert, Andaluc\u00eda Bike Race, Algarve Bike Race, Tabernas Desert<\/strong><\/p>\n\n\n\n<p><strong>Logros generales<\/strong><\/p>\n\n\n\n<ul><li>IRONMAN VITORIA 2016: 2\u00aa GGEE<\/li><li>IRONMAN VITORIA 2017: 4\u00aa GGEE<\/li><li>TITAN DESERT 2017: 3 \u00aa pareja mixta<\/li><li>CHALLENGE DISTANCIA FULL 2017: 1\u00aa GGEE Y CAMPEONA DE MADRID<\/li><li>24 hs MONTMEL\u00d3: 1\u00ba CUATRO MIXTO<\/li><li>IRONMAN VITORIA 2018: 3\u00aa GGEE<\/li><li>IRONMAN BARCELONA 2019: 26, problemas mec\u00e1nicos<\/li><li>ICAN DISTANCIA FULL 2020: 1\u00aa ABSOLUTA<\/li><\/ul>\n","protected":false},"excerpt":{"rendered":"<p>Atleta destacado desde las categor\u00edas inferiores del atletismo madrile\u00f1o, empez\u00f3 su andadura en el a\u00f1o 1979. Logros en 2022 Campe\u00f3n de Espa\u00f1a trail M 50 Riopar, 4 de junio.&nbsp; Campe\u00f3n&hellip;&nbsp;<a href=\"https:\/\/besiriusclub.com\/index.php\/socios-de-honor\/\" class=\"\" rel=\"bookmark\">Leer m\u00e1s &raquo;<span class=\"screen-reader-text\">SOCIOS DE HONOR<\/span><\/a><\/p>\n","protected":false},"author":1,"featured_media":0,"parent":0,"menu_order":0,"comment_status":"closed","ping_status":"closed","template":"","meta":{"neve_meta_sidebar":"full-width","neve_meta_container":"","neve_meta_enable_content_width":"on","neve_meta_content_width":100,"neve_meta_title_alignment":"","neve_meta_author_avatar":"","neve_post_elements_order":"","neve_meta_disable_header":"","neve_meta_disable_footer":"","neve_meta_disable_title":"","_EventAllDay":false,"_EventTimezone":"","_EventStartDate":"","_EventEndDate":"","_EventStartDateUTC":"","_EventEndDateUTC":"","_EventShowMap":false,"_EventShowMapLink":false,"_EventURL":"","_EventCost":"","_EventCostDescription":"","_EventCurrencySymbol":"","_EventCurrencyPosition":"","_EventDateTimeSeparator":"","_EventTimeRangeSeparator":"","_EventOrganizerID":[],"_EventVenueID":0,"_OrganizerEmail":"","_OrganizerPhone":"","_OrganizerWebsite":"","_VenueAddress":"","_VenueCity":"","_VenueCountry":"","_VenueProvince":"","_VenueZip":"","_VenuePhone":"","_VenueURL":"","_VenueStateProvince":"","_VenueLat":"","_VenueLng":""},"_links":{"self":[{"href":"https:\/\/besiriusclub.com\/index.php\/wp-json\/wp\/v2\/pages\/327"}],"collection":[{"href":"https:\/\/besiriusclub.com\/index.php\/wp-json\/wp\/v2\/pages"}],"about":[{"href":"https:\/\/besiriusclub.com\/index.php\/wp-json\/wp\/v2\/types\/page"}],"author":[{"embeddable":true,"href":"https:\/\/besiriusclub.com\/index.php\/wp-json\/wp\/v2\/users\/1"}],"replies":[{"embeddable":true,"href":"https:\/\/besiriusclub.com\/index.php\/wp-json\/wp\/v2\/comments?post=327"}],"version-history":[{"count":20,"href":"https:\/\/besiriusclub.com\/index.php\/wp-json\/wp\/v2\/pages\/327\/revisions"}],"predecessor-version":[{"id":1230,"href":"https:\/\/besiriusclub.com\/index.php\/wp-json\/wp\/v2\/pages\/327\/revisions\/1230"}],"wp:attachment":[{"href":"https:\/\/besiriusclub.com\/index.php\/wp-json\/wp\/v2\/media?parent=327"}],"curies":[{"name":"wp","href":"https:\/\/api.w.org\/{rel}","templated":true}]}}