{"id":120,"date":"2021-05-21T10:40:28","date_gmt":"2021-05-21T10:40:28","guid":{"rendered":"https:\/\/besiriusclub.com\/?page_id=120"},"modified":"2022-12-29T12:54:19","modified_gmt":"2022-12-29T11:54:19","slug":"contacto-2","status":"publish","type":"page","link":"https:\/\/besiriusclub.com\/index.php\/contacto-2\/","title":{"rendered":"CONDICIONES"},"content":{"rendered":"\n<h2 class=\"has-neve-link-color-color has-text-color\">\u00bfQuieres formar parte de la familia besirius?<\/h2>\n\n\n\n<p>Est\u00e1s muy cerca de formar parte de este gran grupo de personas. \u00a1An\u00edmate! <br>Para formar parte de esta familia, solo tienes que asociarte pagando una cuota anual que te dar\u00e1 derecho a diferentes beneficios ya disponibles y a muchos que estamos preparando para ti!<\/p>\n\n\n\n<blockquote class=\"wp-block-quote\"><p>Cuota anual de socio: 60 \u20ac&nbsp;<br>Cuota anual de socio infantil: 15 \u20ac<br>Cuota anual de socio infantil (hijo de socio): 0 \u20ac<\/p><\/blockquote>\n\n\n\n<p><strong><em><span style=\"color:#909293\" class=\"has-inline-color\">Beneficios de ser socio:<\/span><\/em><\/strong><\/p>\n\n\n\n<ul><li>2 camisetas gratis por ser socio a elegir entre:<ul><li>Opci\u00f3n 1: 1 camiseta manga corta + 1 camiseta tirantes.<\/li><li>Opci\u00f3n 2: 2 camisetas manga corta.<\/li><\/ul><\/li><li>Descuentos con partners (VER APARTADO <a href=\"https:\/\/besiriusclub.com\/index.php\/colaboradores\/\">COLABORADORES<\/a>)<\/li><li>Descuentos en las inscripciones de carreras patrocinadas por BE ONE y AGA.<\/li><li>Equipaciones deportivas, de calidad de primeras marcas, a precio especial (ch\u00e1ndals, ropa de ciclismo, etc).<\/li><li>Entrenamientos guiados, en fechas cerradas, por atletas de primer nivel (nuestros socios de honor).<\/li><li>Quedadas de running \/bici todos los fines de semana con otros socios (s\u00e1bados o domingos).<\/li><li>Teambuiding anual (Gloves)<\/li><li>Licencia federativa por mediaci\u00f3n del Club con descuento.<\/li><li>Formar parte de un club que patrocina carreras solidarias durante el a\u00f1o.<\/li><\/ul>\n\n\n\n<p><span style=\"color:#808385\" class=\"has-inline-color\"><strong><em>M\u00e9todo de pago<\/em><\/strong>: <\/span>Hacer una transferencia a la siguiente cuenta con el concepto [cuota socio] + nombre del socio&nbsp;<br><strong><span class=\"has-inline-color has-neve-text-color-color\">BE SIRIUS CLUB ES56 0049 5147 47 2016596697<\/span><\/strong><br>En cuanto recibamos el formulario de socio con el justificante de tu transferencia, recibir\u00e1s un correo con la confirmaci\u00f3n de que ya formas parte de <br>BE SIRIUS CLUB. A partir de este momento podr\u00e1s realizar pedidos de las equipaciones del club y conocer nuestras pr\u00f3ximas quedadas y retos. <br>A partir de aqu\u00ed, solo te queda disfrutar del camino.<\/p>\n\n\n\n<p><em><span class=\"has-inline-color has-nv-dark-bg-color\">*Para cumplimentar el formulario de las equipaciones es imprescindible haberse dado previamente de alta como socio del club.<\/span><\/em><\/p>\n\n\n\n<div class=\"wp-block-file alignleft\"><a href=\"https:\/\/besiriusclub.com\/wp-content\/uploads\/2021\/06\/Reglamento_interno_BeSiriusClub.pdf\"><strong><span class=\"has-inline-color has-neve-link-color-color\">REGLAMENTO DEL CLUB<\/span><\/strong><\/a><a href=\"https:\/\/besiriusclub.com\/wp-content\/uploads\/2021\/06\/Reglamento_interno_BeSiriusClub.pdf\" class=\"wp-block-file__button\" download>Descarga<\/a><\/div>\n","protected":false},"excerpt":{"rendered":"<p>\u00bfQuieres formar parte de la familia besirius? Est\u00e1s muy cerca de formar parte de este gran grupo de personas. \u00a1An\u00edmate! Para formar parte de esta familia, solo tienes que asociarte&hellip;&nbsp;<a href=\"https:\/\/besiriusclub.com\/index.php\/contacto-2\/\" class=\"\" rel=\"bookmark\">Leer m\u00e1s &raquo;<span class=\"screen-reader-text\">CONDICIONES<\/span><\/a><\/p>\n","protected":false},"author":1,"featured_media":0,"parent":0,"menu_order":0,"comment_status":"closed","ping_status":"closed","template":"","meta":{"neve_meta_sidebar":"full-width","neve_meta_container":"","neve_meta_enable_content_width":"on","neve_meta_content_width":100,"neve_meta_title_alignment":"","neve_meta_author_avatar":"","neve_post_elements_order":"","neve_meta_disable_header":"","neve_meta_disable_footer":"","neve_meta_disable_title":"","_EventAllDay":false,"_EventTimezone":"","_EventStartDate":"","_EventEndDate":"","_EventStartDateUTC":"","_EventEndDateUTC":"","_EventShowMap":false,"_EventShowMapLink":false,"_EventURL":"","_EventCost":"","_EventCostDescription":"","_EventCurrencySymbol":"","_EventCurrencyPosition":"","_EventDateTimeSeparator":"","_EventTimeRangeSeparator":"","_EventOrganizerID":[],"_EventVenueID":0,"_OrganizerEmail":"","_OrganizerPhone":"","_OrganizerWebsite":"","_VenueAddress":"","_VenueCity":"","_VenueCountry":"","_VenueProvince":"","_VenueZip":"","_VenuePhone":"","_VenueURL":"","_VenueStateProvince":"","_VenueLat":"","_VenueLng":""},"_links":{"self":[{"href":"https:\/\/besiriusclub.com\/index.php\/wp-json\/wp\/v2\/pages\/120"}],"collection":[{"href":"https:\/\/besiriusclub.com\/index.php\/wp-json\/wp\/v2\/pages"}],"about":[{"href":"https:\/\/besiriusclub.com\/index.php\/wp-json\/wp\/v2\/types\/page"}],"author":[{"embeddable":true,"href":"https:\/\/besiriusclub.com\/index.php\/wp-json\/wp\/v2\/users\/1"}],"replies":[{"embeddable":true,"href":"https:\/\/besiriusclub.com\/index.php\/wp-json\/wp\/v2\/comments?post=120"}],"version-history":[{"count":17,"href":"https:\/\/besiriusclub.com\/index.php\/wp-json\/wp\/v2\/pages\/120\/revisions"}],"predecessor-version":[{"id":1251,"href":"https:\/\/besiriusclub.com\/index.php\/wp-json\/wp\/v2\/pages\/120\/revisions\/1251"}],"wp:attachment":[{"href":"https:\/\/besiriusclub.com\/index.php\/wp-json\/wp\/v2\/media?parent=120"}],"curies":[{"name":"wp","href":"https:\/\/api.w.org\/{rel}","templated":true}]}}